{"id":330,"date":"2021-05-08T14:47:38","date_gmt":"2021-05-08T17:47:38","guid":{"rendered":"https:\/\/immerengenharia.com.br\/?page_id=330"},"modified":"2021-05-17T14:19:46","modified_gmt":"2021-05-17T17:19:46","slug":"servicos-oferecidos","status":"publish","type":"page","link":"https:\/\/immerengenharia.com.br\/?page_id=330","title":{"rendered":"Servi\u00e7os Oferecidos"},"content":{"rendered":"<div data-colibri-id=\"330-c1\" class=\"style-474 style-local-330-c1 position-relative\">\n  <!---->\n  <div data-colibri-component=\"section\" data-colibri-id=\"330-c2\" id=\"team-2\" class=\"h-section h-section-global-spacing d-flex align-items-lg-center align-items-md-center align-items-center style-585 style-local-330-c2 position-relative\">\n    <!---->\n    <!---->\n    <div class=\"h-section-grid-container h-section-boxed-container\">\n      <div data-colibri-id=\"330-c16\" class=\"h-row-container gutters-row-lg-2 gutters-row-md-2 gutters-row-0 gutters-row-v-lg-2 gutters-row-v-md-2 gutters-row-v-2 style-599 style-local-330-c16 position-relative\">\n        <!---->\n        <div class=\"h-row justify-content-lg-center justify-content-md-center justify-content-center align-items-lg-stretch align-items-md-stretch align-items-stretch gutters-col-lg-2 gutters-col-md-2 gutters-col-0 gutters-col-v-lg-2 gutters-col-v-md-2 gutters-col-v-2\">\n          <!---->\n          <div class=\"h-column h-column-container d-flex h-col-lg-auto h-col-md-auto h-col-auto style-600-outer style-local-330-c17-outer\">\n            <div data-colibri-id=\"330-c17\" class=\"d-flex h-flex-basis h-column__inner h-px-lg-2 h-px-md-2 h-px-2 v-inner-lg-2 v-inner-md-2 v-inner-2 style-600 style-local-330-c17 position-relative\">\n              <!---->\n              <!---->\n              <div class=\"w-100 h-y-container h-column__content h-column__v-align flex-basis-100 align-self-lg-start align-self-md-start align-self-start\">\n                <!---->\n                <div data-colibri-id=\"330-c18\" class=\"h-global-transition-all h-heading style-601 style-local-330-c18 position-relative h-element\">\n                  <!---->\n                  <div class=\"h-heading__outer style-601 style-local-330-c18\">\n                    <!---->\n                    <!---->\n                    <h2 class=\"\">Servi\u00e7os oferecidos pela Immer Engenharia<\/h2>\n                  <\/div>\n                <\/div>\n              <\/div>\n            <\/div>\n          <\/div>\n        <\/div>\n      <\/div>\n      <div data-colibri-id=\"330-c3\" class=\"h-row-container gutters-row-lg-2 gutters-row-md-2 gutters-row-0 gutters-row-v-lg-2 gutters-row-v-md-2 gutters-row-v-2 style-586 style-local-330-c3 position-relative\">\n        <!---->\n        <div class=\"h-row justify-content-lg-center justify-content-md-center justify-content-center align-items-lg-stretch align-items-md-stretch align-items-stretch gutters-col-lg-2 gutters-col-md-2 gutters-col-0 gutters-col-v-lg-2 gutters-col-v-md-2 gutters-col-v-2\">\n          <!---->\n          <div class=\"h-column h-column-container d-flex h-col-lg-3 h-col-md-6 h-col-12 style-587-outer style-local-330-c4-outer\">\n            <div data-colibri-id=\"330-c4\" class=\"d-flex h-flex-basis h-column__inner h-px-lg-0 h-px-md-0 h-px-0 v-inner-lg-0 v-inner-md-0 v-inner-0 style-587 style-local-330-c4 position-relative\">\n              <!---->\n              <!---->\n              <div class=\"w-100 h-y-container h-column__content h-column__v-align flex-basis-100 align-self-lg-start align-self-md-start align-self-start\">\n                <!---->\n                <div data-colibri-id=\"330-c5\" class=\"d-block style-588 style-local-330-c5 position-relative h-element\">\n                  <!---->\n                  <div class=\"h-image__frame-container-outer\">\n                    <div class=\"h-image__frame-container\">\n                      <!---->\n                      <!---->\n                      <img decoding=\"async\" src=\"https:\/\/immerengenharia.com.br\/wp-content\/uploads\/2021\/05\/cropped-WhatsApp-Image-2021-05-08-at-16.45.59-3-300x300.jpeg\" class=\"style-588-image style-local-330-c5-image\">\n                      <div class=\"h-image__frame h-hide-lg h-hide-md h-hide-sm style-588-frameImage style-local-330-c5-frameImage\"><\/div>\n                    <\/div>\n                  <\/div>\n                <\/div>\n                <div data-colibri-id=\"330-c6\" class=\"h-global-transition-all h-heading style-589 style-local-330-c6 position-relative h-element\">\n                  <!---->\n                  <div class=\"h-heading__outer style-589 style-local-330-c6\">\n                    <!---->\n                    <!---->\n                    <h4 class=\"\">REFORMAS E CONSTRU\u00c7\u00d5ES<\/h4>\n                  <\/div>\n                <\/div>\n                <div data-colibri-id=\"330-c7\" class=\"h-lead h-text h-text-component style-591 style-local-330-c7 position-relative h-element\">\n                  <!---->\n                  <!---->\n                  <div class=\"\">\n                    <p><span style=\"font-weight: 400; font-size: 16px; font-family: &quot;Open Sans&quot;; color: rgb(153, 153, 153);\">Executamos reformas e constru\u00e7\u00f5es de maneira atualizada e inovadora, com objetivo de entrega em tempo reduzido.&nbsp;<\/span><\/p>\n                  <\/div>\n                <\/div>\n              <\/div>\n            <\/div>\n          <\/div>\n          <div class=\"h-column h-column-container d-flex h-col-lg-3 h-col-md-6 h-col-12 style-587-outer style-local-330-c8-outer\">\n            <div data-colibri-id=\"330-c8\" class=\"d-flex h-flex-basis h-column__inner h-px-lg-0 h-px-md-0 h-px-0 v-inner-lg-0 v-inner-md-0 v-inner-0 style-587 style-local-330-c8 position-relative\">\n              <!---->\n              <!---->\n              <div class=\"w-100 h-y-container h-column__content h-column__v-align flex-basis-100 align-self-lg-start align-self-md-start align-self-start\">\n                <!---->\n                <div data-colibri-id=\"330-c9\" class=\"d-block style-593 style-local-330-c9 position-relative h-element\">\n                  <!---->\n                  <div class=\"h-image__frame-container-outer\">\n                    <div class=\"h-image__frame-container\">\n                      <!---->\n                      <!---->\n                      <img decoding=\"async\" src=\"https:\/\/immerengenharia.com.br\/wp-content\/uploads\/2021\/05\/cropped-WhatsApp-Image-2021-05-08-at-16.45.59-4-300x300.jpeg\" class=\"style-593-image style-local-330-c9-image\">\n                      <div class=\"h-image__frame h-hide-lg h-hide-md h-hide-sm style-593-frameImage style-local-330-c9-frameImage\"><\/div>\n                    <\/div>\n                  <\/div>\n                <\/div>\n                <div data-colibri-id=\"330-c10\" class=\"h-global-transition-all h-heading style-589 style-local-330-c10 position-relative h-element\">\n                  <!---->\n                  <div class=\"h-heading__outer style-589 style-local-330-c10\">\n                    <!---->\n                    <!---->\n                    <h4 class=\"\">PINTURA E GESSO <\/h4>\n                  <\/div>\n                <\/div>\n                <div data-colibri-id=\"330-c11\" class=\"h-lead h-text h-text-component style-591 style-local-330-c11 position-relative h-element\">\n                  <!---->\n                  <!---->\n                  <div class=\"\">\n                    <p><span style=\"font-weight: 400; font-size: 16px; font-family: &quot;Open Sans&quot;; color: rgb(153, 153, 153);\">Executamos diferentes tipos de pintura, forro de gesso e Drywall.<\/span><\/p>\n                  <\/div>\n                <\/div>\n              <\/div>\n            <\/div>\n          <\/div>\n          <div class=\"h-column h-column-container d-flex h-col-lg-3 h-col-md-6 h-col-12 style-587-outer style-local-330-c12-outer\">\n            <div data-colibri-id=\"330-c12\" class=\"d-flex h-flex-basis h-column__inner h-px-lg-0 h-px-md-0 h-px-0 v-inner-lg-0 v-inner-md-0 v-inner-0 style-587 style-local-330-c12 position-relative\">\n              <!---->\n              <!---->\n              <div class=\"w-100 h-y-container h-column__content h-column__v-align flex-basis-100 align-self-lg-start align-self-md-start align-self-start\">\n                <!---->\n                <div data-colibri-id=\"330-c13\" class=\"d-block style-595 style-local-330-c13 position-relative h-element\">\n                  <!---->\n                  <div class=\"h-image__frame-container-outer\">\n                    <div class=\"h-image__frame-container\">\n                      <!---->\n                      <!---->\n                      <img decoding=\"async\" src=\"https:\/\/immerengenharia.com.br\/wp-content\/uploads\/2021\/05\/cropped-WhatsApp-Image-2021-05-08-at-16.45.59-2-300x300.jpeg\" class=\"style-595-image style-local-330-c13-image\">\n                      <div class=\"h-image__frame h-hide-lg h-hide-md h-hide-sm style-595-frameImage style-local-330-c13-frameImage\"><\/div>\n                    <\/div>\n                  <\/div>\n                <\/div>\n                <div data-colibri-id=\"330-c14\" class=\"h-global-transition-all h-heading style-589 style-local-330-c14 position-relative h-element\">\n                  <!---->\n                  <div class=\"h-heading__outer style-589 style-local-330-c14\">\n                    <!---->\n                    <!---->\n                    <h4 class=\"\">IMPERMEABILIZA\u00c7\u00c3O<\/h4>\n                  <\/div>\n                <\/div>\n                <div data-colibri-id=\"330-c15\" class=\"h-lead h-text h-text-component style-591 style-local-330-c15 position-relative h-element\">\n                  <!---->\n                  <!---->\n                  <div class=\"\">\n                    <p><span style=\"font-weight: 400; font-size: 16px; font-family: &quot;Open Sans&quot;; color: rgb(153, 153, 153);\">Executamos diferente tipos de&nbsp;impermeabiliza\u00e7\u00f5es de acordo com a sua necessidade.&nbsp;<\/span><\/p>\n                  <\/div>\n                <\/div>\n              <\/div>\n            <\/div>\n          <\/div>\n        <\/div>\n      <\/div>\n    <\/div>\n  <\/div>\n  <div data-colibri-component=\"section\" data-colibri-id=\"330-c19\" id=\"team\" class=\"h-section h-section-global-spacing d-flex align-items-lg-center align-items-md-center align-items-center style-567 style-local-330-c19 position-relative\">\n    <!---->\n    <!---->\n    <div class=\"h-section-grid-container h-section-boxed-container\">\n      <!---->\n      <div data-colibri-id=\"330-c20\" class=\"h-row-container gutters-row-lg-2 gutters-row-md-2 gutters-row-0 gutters-row-v-lg-2 gutters-row-v-md-2 gutters-row-v-2 style-568 style-local-330-c20 position-relative\">\n        <!---->\n        <div class=\"h-row justify-content-lg-center justify-content-md-center justify-content-center align-items-lg-stretch align-items-md-stretch align-items-stretch gutters-col-lg-2 gutters-col-md-2 gutters-col-0 gutters-col-v-lg-2 gutters-col-v-md-2 gutters-col-v-2\">\n          <!---->\n          <div class=\"h-column h-column-container d-flex h-col-lg-3 h-col-md-6 h-col-12 style-569-outer style-local-330-c21-outer\">\n            <div data-colibri-id=\"330-c21\" class=\"d-flex h-flex-basis h-column__inner h-px-lg-0 h-px-md-0 h-px-0 v-inner-lg-0 v-inner-md-0 v-inner-0 style-569 style-local-330-c21 position-relative\">\n              <!---->\n              <!---->\n              <div class=\"w-100 h-y-container h-column__content h-column__v-align flex-basis-100 align-self-lg-start align-self-md-start align-self-start\">\n                <!---->\n                <div data-colibri-id=\"330-c22\" class=\"d-block style-570 style-local-330-c22 position-relative h-element\">\n                  <!---->\n                  <div class=\"h-image__frame-container-outer\">\n                    <div class=\"h-image__frame-container\">\n                      <!---->\n                      <!---->\n                      <img decoding=\"async\" src=\"https:\/\/immerengenharia.com.br\/wp-content\/uploads\/2021\/05\/cropped-WhatsApp-Image-2021-05-08-at-16.45.59-5-1-300x300.jpeg\" class=\"style-570-image style-local-330-c22-image\">\n                      <div class=\"h-image__frame h-hide-lg h-hide-md h-hide-sm style-570-frameImage style-local-330-c22-frameImage\"><\/div>\n                    <\/div>\n                  <\/div>\n                <\/div>\n                <div data-colibri-id=\"330-c23\" class=\"h-global-transition-all h-heading style-571 style-local-330-c23 position-relative h-element\">\n                  <!---->\n                  <div class=\"h-heading__outer style-571 style-local-330-c23\">\n                    <!---->\n                    <!---->\n                    <h4 class=\"\">MANUTEN\u00c7\u00c3O PREDIAL <\/h4>\n                  <\/div>\n                <\/div>\n                <div data-colibri-id=\"330-c24\" class=\"h-text h-text-component style-573 style-local-330-c24 position-relative h-element\">\n                  <!---->\n                  <!---->\n                  <div class=\"\">\n                    <p><span style=\"font-weight: 400; font-size: 16px; font-family: &quot;Open Sans&quot;; color: rgb(153, 153, 153);\">Executamos manuten\u00e7\u00f5es prediais, civis, el\u00e9tricas e hidr\u00e1ulicas.<\/span><\/p>\n                  <\/div>\n                <\/div>\n              <\/div>\n            <\/div>\n          <\/div>\n          <div class=\"h-column h-column-container d-flex h-col-lg-3 h-col-md-6 h-col-12 style-569-outer style-local-330-c25-outer\">\n            <div data-colibri-id=\"330-c25\" class=\"d-flex h-flex-basis h-column__inner h-px-lg-0 h-px-md-0 h-px-0 v-inner-lg-0 v-inner-md-0 v-inner-0 style-569 style-local-330-c25 position-relative\">\n              <!---->\n              <!---->\n              <div class=\"w-100 h-y-container h-column__content h-column__v-align flex-basis-100 align-self-lg-start align-self-md-start align-self-start\">\n                <!---->\n                <div data-colibri-id=\"330-c26\" class=\"d-block style-575 style-local-330-c26 position-relative h-element\">\n                  <!---->\n                  <div class=\"h-image__frame-container-outer\">\n                    <div class=\"h-image__frame-container\">\n                      <!---->\n                      <!---->\n                      <img decoding=\"async\" src=\"https:\/\/immerengenharia.com.br\/wp-content\/uploads\/2021\/05\/cropped-WhatsApp-Image-2021-05-08-at-16.45.59-6-300x300.jpeg\" class=\"style-575-image style-local-330-c26-image\">\n                      <div class=\"h-image__frame h-hide-lg h-hide-md h-hide-sm style-575-frameImage style-local-330-c26-frameImage\"><\/div>\n                    <\/div>\n                  <\/div>\n                <\/div>\n                <div data-colibri-id=\"330-c27\" class=\"h-global-transition-all h-heading style-571 style-local-330-c27 position-relative h-element\">\n                  <!---->\n                  <div class=\"h-heading__outer style-571 style-local-330-c27\">\n                    <!---->\n                    <!---->\n                    <h4 class=\"\">LAVAGEM DE FACHADA<\/h4>\n                  <\/div>\n                <\/div>\n                <div data-colibri-id=\"330-c28\" class=\"h-text h-text-component style-573 style-local-330-c28 position-relative h-element\">\n                  <!---->\n                  <!---->\n                  <div class=\"\">\n                    <p>Executamos a lavagem de fachada, revitaliza\u00e7\u00e3o e&nbsp;impermeabiliza\u00e7\u00e3o.&nbsp;<\/p>\n                    <p>\n                      <br>\n                    <\/p>\n                    <p>\n                      <br>\n                    <\/p>\n                  <\/div>\n                <\/div>\n              <\/div>\n            <\/div>\n          <\/div>\n          <div class=\"h-column h-column-container d-flex h-col-lg-3 h-col-md-6 h-col-12 style-569-outer style-local-330-c29-outer\">\n            <div data-colibri-id=\"330-c29\" class=\"d-flex h-flex-basis h-column__inner h-px-lg-0 h-px-md-0 h-px-0 v-inner-lg-0 v-inner-md-0 v-inner-0 style-569 style-local-330-c29 position-relative\">\n              <!---->\n              <!---->\n              <div class=\"w-100 h-y-container h-column__content h-column__v-align flex-basis-100 align-self-lg-start align-self-md-start align-self-start\">\n                <!---->\n                <div data-colibri-id=\"330-c30\" class=\"d-block style-579 style-local-330-c30 position-relative h-element\">\n                  <!---->\n                  <div class=\"h-image__frame-container-outer\">\n                    <div class=\"h-image__frame-container\">\n                      <!---->\n                      <!---->\n                      <img decoding=\"async\" src=\"https:\/\/immerengenharia.com.br\/wp-content\/uploads\/2021\/05\/cropped-cropped-WhatsApp-Image-2021-05-08-at-16.48.48-300x300.jpeg\" class=\"style-579-image style-local-330-c30-image\">\n                      <div class=\"h-image__frame h-hide-lg h-hide-md h-hide-sm style-579-frameImage style-local-330-c30-frameImage\"><\/div>\n                    <\/div>\n                  <\/div>\n                <\/div>\n                <div data-colibri-id=\"330-c31\" class=\"h-global-transition-all h-heading style-571 style-local-330-c31 position-relative h-element\">\n                  <!---->\n                  <div class=\"h-heading__outer style-571 style-local-330-c31\">\n                    <!---->\n                    <!---->\n                    <h4 class=\"\">PROJETOS<\/h4>\n                  <\/div>\n                <\/div>\n                <div data-colibri-id=\"330-c32\" class=\"h-text h-text-component style-573 style-local-330-c32 position-relative h-element\">\n                  <!---->\n                  <!---->\n                  <div class=\"\">\n                    <p><span style=\"font-weight: 400; font-size: 16px; font-family: &quot;Open Sans&quot;; color: rgb(153, 153, 153);\">Elaboramos projetos de acordo com a necessidade do cliente, oferendo as melhores propostas do mercado.&nbsp;<\/span><\/p>\n                  <\/div>\n                <\/div>\n              <\/div>\n            <\/div>\n          <\/div>\n        <\/div>\n      <\/div>\n    <\/div>\n  <\/div>\n  <div data-colibri-component=\"section\" data-colibri-id=\"330-c33\" id=\"custom\" class=\"h-section h-section-global-spacing d-flex align-items-lg-center align-items-md-center align-items-center style-603 style-local-330-c33 position-relative\">\n    <!---->\n    <!---->\n    <div class=\"h-section-grid-container h-section-boxed-container\">\n      <!---->\n      <div data-colibri-id=\"330-c34\" class=\"h-row-container gutters-row-lg-2 gutters-row-md-2 gutters-row-0 gutters-row-v-lg-2 gutters-row-v-md-2 gutters-row-v-2 style-604 style-local-330-c34 position-relative\">\n        <!---->\n        <div class=\"h-row justify-content-lg-center justify-content-md-center justify-content-center align-items-lg-stretch align-items-md-stretch align-items-stretch gutters-col-lg-2 gutters-col-md-2 gutters-col-0 gutters-col-v-lg-2 gutters-col-v-md-2 gutters-col-v-2\">\n          <!---->\n          <div class=\"h-column h-column-container d-flex h-col-lg-auto h-col-md-auto h-col-auto style-605-outer style-local-330-c35-outer\">\n            <div data-colibri-id=\"330-c35\" class=\"d-flex h-flex-basis h-column__inner h-px-lg-2 h-px-md-2 h-px-2 v-inner-lg-2 v-inner-md-2 v-inner-2 style-605 style-local-330-c35 position-relative\">\n              <!---->\n              <!---->\n              <div class=\"w-100 h-y-container h-column__content h-column__v-align flex-basis-100 align-self-lg-start align-self-md-start align-self-start\">\n                <!---->\n                <div data-colibri-id=\"330-c36\" class=\"h-x-container style-606 style-local-330-c36 position-relative h-element\">\n                  <!---->\n                  <div class=\"h-x-container-inner style-dynamic-330-c36-group style-606-spacing style-local-330-c36-spacing\"><span class=\"h-button__outer style-607-outer style-local-330-c37-outer d-inline-flex h-element\"><a h-use-smooth-scroll=\"true\" href=\"https:\/\/immerengenharia.com.br\/?page_id=331\"  data-colibri-id=\"330-c37\" class=\"d-flex w-100 align-items-center h-button justify-content-lg-center justify-content-md-center justify-content-center style-607 style-local-330-c37 position-relative\"><!----><!----> <span>Contato<\/span><\/a>\n                    <\/span>\n                  <\/div>\n                <\/div>\n              <\/div>\n            <\/div>\n          <\/div>\n        <\/div>\n      <\/div>\n    <\/div>\n  <\/div>\n<\/div>","protected":false},"excerpt":{"rendered":"<p>Servi\u00e7os oferecidos pela Immer Engenharia REFORMAS E CONSTRU\u00c7\u00d5ES Executamos reformas e constru\u00e7\u00f5es de maneira atualizada e inovadora, com objetivo de entrega em tempo reduzido.&nbsp; PINTURA E GESSO Executamos diferentes tipos de pintura, forro de gesso e Drywall. IMPERMEABILIZA\u00c7\u00c3O Executamos diferente tipos de&nbsp;impermeabiliza\u00e7\u00f5es de acordo com a sua necessidade.&nbsp; MANUTEN\u00c7\u00c3O PREDIAL Executamos manuten\u00e7\u00f5es prediais, civis, el\u00e9tricas [&hellip;]<\/p>\n","protected":false},"author":1,"featured_media":0,"parent":0,"menu_order":0,"comment_status":"closed","ping_status":"closed","template":"page-templates\/full-width-page.php","meta":{"footnotes":""},"class_list":["post-330","page","type-page","status-publish","hentry"],"_links":{"self":[{"href":"https:\/\/immerengenharia.com.br\/index.php?rest_route=\/wp\/v2\/pages\/330","targetHints":{"allow":["GET"]}}],"collection":[{"href":"https:\/\/immerengenharia.com.br\/index.php?rest_route=\/wp\/v2\/pages"}],"about":[{"href":"https:\/\/immerengenharia.com.br\/index.php?rest_route=\/wp\/v2\/types\/page"}],"author":[{"embeddable":true,"href":"https:\/\/immerengenharia.com.br\/index.php?rest_route=\/wp\/v2\/users\/1"}],"replies":[{"embeddable":true,"href":"https:\/\/immerengenharia.com.br\/index.php?rest_route=%2Fwp%2Fv2%2Fcomments&post=330"}],"version-history":[{"count":18,"href":"https:\/\/immerengenharia.com.br\/index.php?rest_route=\/wp\/v2\/pages\/330\/revisions"}],"predecessor-version":[{"id":873,"href":"https:\/\/immerengenharia.com.br\/index.php?rest_route=\/wp\/v2\/pages\/330\/revisions\/873"}],"wp:attachment":[{"href":"https:\/\/immerengenharia.com.br\/index.php?rest_route=%2Fwp%2Fv2%2Fmedia&parent=330"}],"curies":[{"name":"wp","href":"https:\/\/api.w.org\/{rel}","templated":true}]}}