{"id":329,"date":"2021-05-08T14:47:38","date_gmt":"2021-05-08T17:47:38","guid":{"rendered":"https:\/\/immerengenharia.com.br\/?page_id=329"},"modified":"2021-05-18T14:26:59","modified_gmt":"2021-05-18T17:26:59","slug":"quem-somos","status":"publish","type":"page","link":"https:\/\/immerengenharia.com.br\/?page_id=329","title":{"rendered":"Quem Somos"},"content":{"rendered":"<div data-colibri-id=\"329-c1\" class=\"style-439 style-local-329-c1 position-relative\">\n  <!---->\n  <div data-colibri-component=\"section\" data-colibri-id=\"329-c2\" id=\"about\" class=\"h-section h-section-global-spacing d-flex align-items-lg-center align-items-md-center align-items-center style-445 style-local-329-c2 position-relative\">\n    <!---->\n    <!---->\n    <div class=\"h-section-grid-container h-section-boxed-container\">\n      <!---->\n      <div data-colibri-id=\"329-c3\" class=\"h-row-container gutters-row-lg-0 gutters-row-md-0 gutters-row-0 gutters-row-v-lg-0 gutters-row-v-md-0 gutters-row-v-0 style-446 style-local-329-c3 position-relative\">\n        <!---->\n        <div class=\"h-row justify-content-lg-center justify-content-md-center justify-content-center align-items-lg-stretch align-items-md-stretch align-items-stretch gutters-col-lg-0 gutters-col-md-0 gutters-col-0 gutters-col-v-lg-0 gutters-col-v-md-0 gutters-col-v-0\">\n          <!---->\n          <div class=\"h-column h-column-container d-flex h-col-lg-auto h-col-md-auto h-col-auto style-447-outer style-local-329-c4-outer\">\n            <div data-colibri-id=\"329-c4\" class=\"d-flex h-flex-basis h-column__inner h-px-lg-0 h-px-md-0 h-px-0 v-inner-lg-0 v-inner-md-0 v-inner-0 style-447 style-local-329-c4 position-relative\">\n              <!---->\n              <!---->\n              <div class=\"w-100 h-y-container h-column__content h-column__v-align flex-basis-100 align-self-lg-start align-self-md-start align-self-start\">\n                <!---->\n                <div data-colibri-id=\"329-c5\" class=\"h-global-transition-all h-heading style-448 style-local-329-c5 position-relative h-element\">\n                  <!---->\n                  <div class=\"h-heading__outer style-448 style-local-329-c5\">\n                    <!---->\n                    <!---->\n                    <h5 class=\"\">Immer Engenharia<\/h5>\n                  <\/div>\n                <\/div>\n                <div data-colibri-id=\"329-c6\" class=\"h-global-transition-all h-heading style-449 style-local-329-c6 position-relative h-element\">\n                  <!---->\n                  <div class=\"h-heading__outer style-449 style-local-329-c6\">\n                    <!---->\n                    <!---->\n                    <h2 class=\"\">Quem Somos<\/h2>\n                  <\/div>\n                <\/div>\n                <div data-colibri-id=\"329-c7\" class=\"h-lead h-text h-text-component style-450 style-local-329-c7 position-relative h-element\">\n                  <!---->\n                  <!---->\n                  <div class=\"\">\n                    <p>A IMMER Engenharia visa \u00e0 busca incessante pela excel\u00eancia, compet\u00eancia e inova\u00e7\u00e3o, para oferecer em cada projeto, sempre o melhor para todos os clientes. Com isso, traz em seus princ\u00edpios o comprometimento e efetividade, com o intuito\n                      de honrar os prazos de entrega, aliado ao compromisso da qualidade que est\u00e1 presente em cada detalhe.\n                      <br>\n                      <br>\n                    <\/p>\n                    <p>Uma empresa de Engenharia fundada n\u00e3o apenas com foco em materiais e estruturas, mas tamb\u00e9m, especialmente focada nas pessoas e com o objetivo de buscar sempre a dedica\u00e7\u00e3o, seriedade e a melhoria cont\u00ednua.\n                      <br>\n                      <br>\n                    <\/p>\n                    <p>Portanto, somos a IMMER e estamos aqui para atend\u00ea-los!<\/p>\n                  <\/div>\n                <\/div>\n              <\/div>\n            <\/div>\n          <\/div>\n          <div class=\"h-column h-column-container d-flex h-col-lg-auto h-col-md-auto h-col-auto style-451-outer style-local-329-c8-outer\">\n            <div data-colibri-id=\"329-c8\" class=\"d-flex h-flex-basis h-column__inner h-ui-empty-state-container h-px-lg-2 h-px-md-2 h-px-2 v-inner-lg-2 v-inner-md-2 v-inner-2 style-451 style-local-329-c8 position-relative\">\n              <!---->\n              <!---->\n              <div class=\"w-100 h-y-container h-column__content h-column__v-align flex-basis-100\">\n                <!---->\n              <\/div>\n            <\/div>\n          <\/div>\n        <\/div>\n      <\/div>\n    <\/div>\n  <\/div>\n  <div data-colibri-component=\"section\" data-colibri-id=\"329-c9\" id=\"custom\" class=\"h-section h-section-global-spacing d-flex align-items-lg-center align-items-md-center align-items-center style-608 style-local-329-c9 position-relative\">\n    <!---->\n    <!---->\n    <div class=\"h-section-grid-container h-section-boxed-container\">\n      <!---->\n      <div data-colibri-id=\"329-c10\" class=\"h-row-container gutters-row-lg-2 gutters-row-md-2 gutters-row-0 gutters-row-v-lg-2 gutters-row-v-md-2 gutters-row-v-2 style-609 style-local-329-c10 position-relative\">\n        <!---->\n        <div class=\"h-row justify-content-lg-center justify-content-md-center justify-content-center align-items-lg-stretch align-items-md-stretch align-items-stretch gutters-col-lg-2 gutters-col-md-2 gutters-col-0 gutters-col-v-lg-2 gutters-col-v-md-2 gutters-col-v-2\">\n          <!---->\n          <div class=\"h-column h-column-container d-flex h-col-lg-auto h-col-md-auto h-col-auto style-610-outer style-local-329-c11-outer\">\n            <div data-colibri-id=\"329-c11\" class=\"d-flex h-flex-basis h-column__inner h-px-lg-2 h-px-md-2 h-px-2 v-inner-lg-2 v-inner-md-2 v-inner-2 style-610 style-local-329-c11 position-relative\">\n              <!---->\n              <!---->\n              <div class=\"w-100 h-y-container h-column__content h-column__v-align flex-basis-100 align-self-lg-start align-self-md-start align-self-start\">\n                <!---->\n                <div data-colibri-id=\"329-c12\" class=\"h-x-container style-611 style-local-329-c12 position-relative h-element\">\n                  <!---->\n                  <div class=\"h-x-container-inner style-dynamic-329-c12-group style-611-spacing style-local-329-c12-spacing\"><span class=\"h-button__outer style-612-outer style-local-329-c13-outer d-inline-flex h-element\"><a h-use-smooth-scroll=\"true\" href=\"https:\/\/immerengenharia.com.br\/?page_id=330\"  data-colibri-id=\"329-c13\" class=\"d-flex w-100 align-items-center h-button justify-content-lg-center justify-content-md-center justify-content-center style-612 style-local-329-c13 position-relative\"><!----><!----> <span>Servi\u00e7os Oferecidos <\/span><\/a>\n                    <\/span>\n                  <\/div>\n                <\/div>\n              <\/div>\n            <\/div>\n          <\/div>\n        <\/div>\n      <\/div>\n    <\/div>\n  <\/div>\n<\/div>","protected":false},"excerpt":{"rendered":"<p>Immer Engenharia Quem Somos A IMMER Engenharia visa \u00e0 busca incessante pela excel\u00eancia, compet\u00eancia e inova\u00e7\u00e3o, para oferecer em cada projeto, sempre o melhor para todos os clientes. Com isso, traz em seus princ\u00edpios o comprometimento e efetividade, com o intuito de honrar os prazos de entrega, aliado ao compromisso da qualidade que est\u00e1 presente [&hellip;]<\/p>\n","protected":false},"author":1,"featured_media":0,"parent":0,"menu_order":0,"comment_status":"closed","ping_status":"closed","template":"page-templates\/full-width-page.php","meta":{"footnotes":""},"class_list":["post-329","page","type-page","status-publish","hentry"],"_links":{"self":[{"href":"https:\/\/immerengenharia.com.br\/index.php?rest_route=\/wp\/v2\/pages\/329","targetHints":{"allow":["GET"]}}],"collection":[{"href":"https:\/\/immerengenharia.com.br\/index.php?rest_route=\/wp\/v2\/pages"}],"about":[{"href":"https:\/\/immerengenharia.com.br\/index.php?rest_route=\/wp\/v2\/types\/page"}],"author":[{"embeddable":true,"href":"https:\/\/immerengenharia.com.br\/index.php?rest_route=\/wp\/v2\/users\/1"}],"replies":[{"embeddable":true,"href":"https:\/\/immerengenharia.com.br\/index.php?rest_route=%2Fwp%2Fv2%2Fcomments&post=329"}],"version-history":[{"count":13,"href":"https:\/\/immerengenharia.com.br\/index.php?rest_route=\/wp\/v2\/pages\/329\/revisions"}],"predecessor-version":[{"id":960,"href":"https:\/\/immerengenharia.com.br\/index.php?rest_route=\/wp\/v2\/pages\/329\/revisions\/960"}],"wp:attachment":[{"href":"https:\/\/immerengenharia.com.br\/index.php?rest_route=%2Fwp%2Fv2%2Fmedia&parent=329"}],"curies":[{"name":"wp","href":"https:\/\/api.w.org\/{rel}","templated":true}]}}